{"id":1409,"date":"2026-01-26T22:39:13","date_gmt":"2026-01-26T21:39:13","guid":{"rendered":"https:\/\/pikaevent.tn\/?post_type=product&#038;p=1409"},"modified":"2026-02-05T15:48:29","modified_gmt":"2026-02-05T14:48:29","slug":"pack770","status":"publish","type":"product","link":"https:\/\/pikaevent.tn\/ar\/product\/pack770\/","title":{"rendered":"pack770"},"content":{"rendered":"<p><code>\u26a0\ufe0fArticle cass\u00e9 = remplacement gratuit, frais de livraison \u00e0 la charge du client.<\/code><\/p>","protected":false},"excerpt":{"rendered":"<p>\u00c0 propos de ce pack :<\/p>\n<ul>\n<li>Nombre de pi\u00e8ces : 3 pi\u00e8ces.<\/li>\n<li>Couleur : Blanc marbr\u00e9 avec d\u00e9tails dor\u00e9s \u00e9l\u00e9gants<\/li>\n<li>Dimensions :<br \/>\n&#8211; plateau: Indiqu\u00e9s sur la photo<br \/>\n&#8211; Porte-bougie : \u00d8 8,8 cm \u00d7 H 4,3 cm<br \/>\n&#8211; Vase : \u00d8 8 cm \u2013 H 9,2 cm<\/li>\n<li>Inclus :<br \/>\nComposition florale mixte comprenant des fleurs s\u00e9ch\u00e9es (gypsophile) et des roses d\u00e9coratives en pl\u00e2tre peint, avec de d\u00e9licates finitions dor\u00e9es.<\/li>\n<\/ul>","protected":false},"featured_media":1382,"comment_status":"open","ping_status":"closed","template":"","meta":{"site-sidebar-layout":"default","site-content-layout":"","ast-site-content-layout":"default","site-content-style":"default","site-sidebar-style":"default","ast-global-header-display":"","ast-banner-title-visibility":"","ast-main-header-display":"","ast-hfb-above-header-display":"","ast-hfb-below-header-display":"","ast-hfb-mobile-header-display":"","site-post-title":"","ast-breadcrumbs-content":"","ast-featured-img":"","footer-sml-layout":"","ast-disable-related-posts":"","theme-transparent-header-meta":"default","adv-header-id-meta":"","stick-header-meta":"","header-above-stick-meta":"","header-main-stick-meta":"","header-below-stick-meta":"","astra-migrate-meta-layouts":"set","ast-page-background-enabled":"default","ast-page-background-meta":{"desktop":{"background-color":"var(--ast-global-color-4)","background-image":"","background-repeat":"repeat","background-position":"center center","background-size":"auto","background-attachment":"scroll","background-type":"","background-media":"","overlay-type":"","overlay-color":"","overlay-opacity":"","overlay-gradient":""},"tablet":{"background-color":"","background-image":"","background-repeat":"repeat","background-position":"center center","background-size":"auto","background-attachment":"scroll","background-type":"","background-media":"","overlay-type":"","overlay-color":"","overlay-opacity":"","overlay-gradient":""},"mobile":{"background-color":"","background-image":"","background-repeat":"repeat","background-position":"center center","background-size":"auto","background-attachment":"scroll","background-type":"","background-media":"","overlay-type":"","overlay-color":"","overlay-opacity":"","overlay-gradient":""}},"ast-content-background-meta":{"desktop":{"background-color":"var(--ast-global-color-5)","background-image":"","background-repeat":"repeat","background-position":"center center","background-size":"auto","background-attachment":"scroll","background-type":"","background-media":"","overlay-type":"","overlay-color":"","overlay-opacity":"","overlay-gradient":""},"tablet":{"background-color":"var(--ast-global-color-5)","background-image":"","background-repeat":"repeat","background-position":"center center","background-size":"auto","background-attachment":"scroll","background-type":"","background-media":"","overlay-type":"","overlay-color":"","overlay-opacity":"","overlay-gradient":""},"mobile":{"background-color":"var(--ast-global-color-5)","background-image":"","background-repeat":"repeat","background-position":"center center","background-size":"auto","background-attachment":"scroll","background-type":"","background-media":"","overlay-type":"","overlay-color":"","overlay-opacity":"","overlay-gradient":""}}},"product_brand":[],"product_cat":[35],"product_tag":[],"class_list":{"0":"post-1409","1":"product","2":"type-product","3":"status-publish","4":"has-post-thumbnail","6":"product_cat-packs-decoration","7":"product_shipping_class-livraison-payante","8":"desktop-align-left","9":"tablet-align-left","10":"mobile-align-left","12":"first","13":"instock","14":"sale","15":"shipping-taxable","16":"purchasable","17":"product-type-variable"},"yoast_head":"<!-- This site is optimized with the Yoast SEO plugin v26.8 - https:\/\/yoast.com\/product\/yoast-seo-wordpress\/ -->\n<title>Mini Pack D\u00e9coration Aroussa Blanc Or - 3 Pi\u00e8ces | 33DT<\/title>\n<meta name=\"description\" content=\"Mini pack d\u00e9coration Aroussa 3 pi\u00e8ces essentielles blanc et or : vase 9.2cm, porte-bougie et plateau avec composition florale. Prix mini 33 DT.\" \/>\n<meta name=\"robots\" content=\"index, follow, max-snippet:-1, max-image-preview:large, max-video-preview:-1\" \/>\n<link rel=\"canonical\" href=\"https:\/\/pikaevent.tn\/ar\/product\/pack770\/\" \/>\n<meta property=\"og:locale\" content=\"ar_AR\" \/>\n<meta property=\"og:type\" content=\"article\" \/>\n<meta property=\"og:title\" content=\"Mini Pack D\u00e9coration Aroussa Blanc Or - 3 Pi\u00e8ces | 33DT\" \/>\n<meta property=\"og:description\" content=\"Mini pack d\u00e9coration Aroussa 3 pi\u00e8ces essentielles blanc et or : vase 9.2cm, porte-bougie et plateau avec composition florale. Prix mini 33 DT.\" \/>\n<meta property=\"og:url\" content=\"https:\/\/pikaevent.tn\/ar\/product\/pack770\/\" \/>\n<meta property=\"og:site_name\" content=\"pikaevent\" \/>\n<meta property=\"article:publisher\" content=\"https:\/\/www.facebook.com\/pikaevent\" \/>\n<meta property=\"article:modified_time\" content=\"2026-02-05T14:48:29+00:00\" \/>\n<meta property=\"og:image\" content=\"https:\/\/pikaevent.tn\/wp-content\/uploads\/2026\/01\/pikaevent13.png\" \/>\n\t<meta property=\"og:image:width\" content=\"960\" \/>\n\t<meta property=\"og:image:height\" content=\"1280\" \/>\n\t<meta property=\"og:image:type\" content=\"image\/png\" \/>\n<meta name=\"twitter:card\" content=\"summary_large_image\" \/>\n<meta name=\"twitter:label1\" content=\"\u0648\u0642\u062a \u0627\u0644\u0642\u0631\u0627\u0621\u0629 \u0627\u0644\u0645\u064f\u0642\u062f\u0651\u0631\" \/>\n\t<meta name=\"twitter:data1\" content=\"\u062f\u0642\u064a\u0642\u0629 \u0648\u0627\u062d\u062f\u0629\" \/>\n<script type=\"application\/ld+json\" class=\"yoast-schema-graph\">{\"@context\":\"https:\/\/schema.org\",\"@graph\":[{\"@type\":\"WebPage\",\"@id\":\"https:\/\/pikaevent.tn\/produit\/pack770\/\",\"url\":\"https:\/\/pikaevent.tn\/produit\/pack770\/\",\"name\":\"Mini Pack D\u00e9coration Aroussa Blanc Or - 3 Pi\u00e8ces | 33DT\",\"isPartOf\":{\"@id\":\"https:\/\/pikaevent.tn\/#website\"},\"primaryImageOfPage\":{\"@id\":\"https:\/\/pikaevent.tn\/produit\/pack770\/#primaryimage\"},\"image\":{\"@id\":\"https:\/\/pikaevent.tn\/produit\/pack770\/#primaryimage\"},\"thumbnailUrl\":\"https:\/\/pikaevent.tn\/wp-content\/uploads\/2026\/01\/pikaevent13.png\",\"datePublished\":\"2026-01-26T21:39:13+00:00\",\"dateModified\":\"2026-02-05T14:48:29+00:00\",\"description\":\"Mini pack d\u00e9coration Aroussa 3 pi\u00e8ces essentielles blanc et or : vase 9.2cm, porte-bougie et plateau avec composition florale. Prix mini 33 DT.\",\"breadcrumb\":{\"@id\":\"https:\/\/pikaevent.tn\/produit\/pack770\/#breadcrumb\"},\"inLanguage\":\"ar\",\"potentialAction\":[{\"@type\":\"ReadAction\",\"target\":[\"https:\/\/pikaevent.tn\/produit\/pack770\/\"]}]},{\"@type\":\"ImageObject\",\"inLanguage\":\"ar\",\"@id\":\"https:\/\/pikaevent.tn\/produit\/pack770\/#primaryimage\",\"url\":\"https:\/\/pikaevent.tn\/wp-content\/uploads\/2026\/01\/pikaevent13.png\",\"contentUrl\":\"https:\/\/pikaevent.tn\/wp-content\/uploads\/2026\/01\/pikaevent13.png\",\"width\":960,\"height\":1280,\"caption\":\"pikaevent(13)\"},{\"@type\":\"BreadcrumbList\",\"@id\":\"https:\/\/pikaevent.tn\/produit\/pack770\/#breadcrumb\",\"itemListElement\":[{\"@type\":\"ListItem\",\"position\":1,\"name\":\"Accueil\",\"item\":\"https:\/\/pikaevent.tn\/\"},{\"@type\":\"ListItem\",\"position\":2,\"name\":\"packs D\u00e9coration\",\"item\":\"https:\/\/pikaevent.tn\/shop\/\"},{\"@type\":\"ListItem\",\"position\":3,\"name\":\"pack770\"}]},{\"@type\":\"WebSite\",\"@id\":\"https:\/\/pikaevent.tn\/#website\",\"url\":\"https:\/\/pikaevent.tn\/\",\"name\":\"pikaevent\",\"description\":\"D\u00e9coration Handmade\",\"publisher\":{\"@id\":\"https:\/\/pikaevent.tn\/#\/schema\/person\/d180db4f3143b7043bb0bb81071d20f9\"},\"potentialAction\":[{\"@type\":\"SearchAction\",\"target\":{\"@type\":\"EntryPoint\",\"urlTemplate\":\"https:\/\/pikaevent.tn\/?s={search_term_string}\"},\"query-input\":{\"@type\":\"PropertyValueSpecification\",\"valueRequired\":true,\"valueName\":\"search_term_string\"}}],\"inLanguage\":\"ar\"},{\"@type\":[\"Person\",\"Organization\"],\"@id\":\"https:\/\/pikaevent.tn\/#\/schema\/person\/d180db4f3143b7043bb0bb81071d20f9\",\"name\":\"pikaevent\",\"image\":{\"@type\":\"ImageObject\",\"inLanguage\":\"ar\",\"@id\":\"https:\/\/pikaevent.tn\/#\/schema\/person\/image\/\",\"url\":\"https:\/\/pikaevent.tn\/wp-content\/uploads\/2026\/01\/Screenshot_from_2026-01-22_16-40-55-removebg-preview.png\",\"contentUrl\":\"https:\/\/pikaevent.tn\/wp-content\/uploads\/2026\/01\/Screenshot_from_2026-01-22_16-40-55-removebg-preview.png\",\"width\":353,\"height\":349,\"caption\":\"pikaevent\"},\"logo\":{\"@id\":\"https:\/\/pikaevent.tn\/#\/schema\/person\/image\/\"},\"sameAs\":[\"https:\/\/pikaevent.tn\",\"https:\/\/www.facebook.com\/pikaevent\"]}]}<\/script>\n<!-- \/ Yoast SEO plugin. -->","yoast_head_json":{"title":"Mini Pack D\u00e9coration Aroussa Blanc Or - 3 Pi\u00e8ces | 33DT","description":"Mini pack d\u00e9coration Aroussa 3 pi\u00e8ces essentielles blanc et or : vase 9.2cm, porte-bougie et plateau avec composition florale. Prix mini 33 DT.","robots":{"index":"index","follow":"follow","max-snippet":"max-snippet:-1","max-image-preview":"max-image-preview:large","max-video-preview":"max-video-preview:-1"},"canonical":"https:\/\/pikaevent.tn\/ar\/product\/pack770\/","og_locale":"ar_AR","og_type":"article","og_title":"Mini Pack D\u00e9coration Aroussa Blanc Or - 3 Pi\u00e8ces | 33DT","og_description":"Mini pack d\u00e9coration Aroussa 3 pi\u00e8ces essentielles blanc et or : vase 9.2cm, porte-bougie et plateau avec composition florale. Prix mini 33 DT.","og_url":"https:\/\/pikaevent.tn\/ar\/product\/pack770\/","og_site_name":"pikaevent","article_publisher":"https:\/\/www.facebook.com\/pikaevent","article_modified_time":"2026-02-05T14:48:29+00:00","og_image":[{"width":960,"height":1280,"url":"https:\/\/pikaevent.tn\/wp-content\/uploads\/2026\/01\/pikaevent13.png","type":"image\/png"}],"twitter_card":"summary_large_image","twitter_misc":{"\u0648\u0642\u062a \u0627\u0644\u0642\u0631\u0627\u0621\u0629 \u0627\u0644\u0645\u064f\u0642\u062f\u0651\u0631":"\u062f\u0642\u064a\u0642\u0629 \u0648\u0627\u062d\u062f\u0629"},"schema":{"@context":"https:\/\/schema.org","@graph":[{"@type":"WebPage","@id":"https:\/\/pikaevent.tn\/produit\/pack770\/","url":"https:\/\/pikaevent.tn\/produit\/pack770\/","name":"Mini Pack D\u00e9coration Aroussa Blanc Or - 3 Pi\u00e8ces | 33DT","isPartOf":{"@id":"https:\/\/pikaevent.tn\/#website"},"primaryImageOfPage":{"@id":"https:\/\/pikaevent.tn\/produit\/pack770\/#primaryimage"},"image":{"@id":"https:\/\/pikaevent.tn\/produit\/pack770\/#primaryimage"},"thumbnailUrl":"https:\/\/pikaevent.tn\/wp-content\/uploads\/2026\/01\/pikaevent13.png","datePublished":"2026-01-26T21:39:13+00:00","dateModified":"2026-02-05T14:48:29+00:00","description":"Mini pack d\u00e9coration Aroussa 3 pi\u00e8ces essentielles blanc et or : vase 9.2cm, porte-bougie et plateau avec composition florale. Prix mini 33 DT.","breadcrumb":{"@id":"https:\/\/pikaevent.tn\/produit\/pack770\/#breadcrumb"},"inLanguage":"ar","potentialAction":[{"@type":"ReadAction","target":["https:\/\/pikaevent.tn\/produit\/pack770\/"]}]},{"@type":"ImageObject","inLanguage":"ar","@id":"https:\/\/pikaevent.tn\/produit\/pack770\/#primaryimage","url":"https:\/\/pikaevent.tn\/wp-content\/uploads\/2026\/01\/pikaevent13.png","contentUrl":"https:\/\/pikaevent.tn\/wp-content\/uploads\/2026\/01\/pikaevent13.png","width":960,"height":1280,"caption":"pikaevent(13)"},{"@type":"BreadcrumbList","@id":"https:\/\/pikaevent.tn\/produit\/pack770\/#breadcrumb","itemListElement":[{"@type":"ListItem","position":1,"name":"Accueil","item":"https:\/\/pikaevent.tn\/"},{"@type":"ListItem","position":2,"name":"packs D\u00e9coration","item":"https:\/\/pikaevent.tn\/shop\/"},{"@type":"ListItem","position":3,"name":"pack770"}]},{"@type":"WebSite","@id":"https:\/\/pikaevent.tn\/#website","url":"https:\/\/pikaevent.tn\/","name":"pikaevent","description":"D\u00e9coration Handmade","publisher":{"@id":"https:\/\/pikaevent.tn\/#\/schema\/person\/d180db4f3143b7043bb0bb81071d20f9"},"potentialAction":[{"@type":"SearchAction","target":{"@type":"EntryPoint","urlTemplate":"https:\/\/pikaevent.tn\/?s={search_term_string}"},"query-input":{"@type":"PropertyValueSpecification","valueRequired":true,"valueName":"search_term_string"}}],"inLanguage":"ar"},{"@type":["Person","Organization"],"@id":"https:\/\/pikaevent.tn\/#\/schema\/person\/d180db4f3143b7043bb0bb81071d20f9","name":"pikaevent","image":{"@type":"ImageObject","inLanguage":"ar","@id":"https:\/\/pikaevent.tn\/#\/schema\/person\/image\/","url":"https:\/\/pikaevent.tn\/wp-content\/uploads\/2026\/01\/Screenshot_from_2026-01-22_16-40-55-removebg-preview.png","contentUrl":"https:\/\/pikaevent.tn\/wp-content\/uploads\/2026\/01\/Screenshot_from_2026-01-22_16-40-55-removebg-preview.png","width":353,"height":349,"caption":"pikaevent"},"logo":{"@id":"https:\/\/pikaevent.tn\/#\/schema\/person\/image\/"},"sameAs":["https:\/\/pikaevent.tn","https:\/\/www.facebook.com\/pikaevent"]}]}},"_links":{"self":[{"href":"https:\/\/pikaevent.tn\/ar\/wp-json\/wp\/v2\/product\/1409","targetHints":{"allow":["GET"]}}],"collection":[{"href":"https:\/\/pikaevent.tn\/ar\/wp-json\/wp\/v2\/product"}],"about":[{"href":"https:\/\/pikaevent.tn\/ar\/wp-json\/wp\/v2\/types\/product"}],"replies":[{"embeddable":true,"href":"https:\/\/pikaevent.tn\/ar\/wp-json\/wp\/v2\/comments?post=1409"}],"wp:featuredmedia":[{"embeddable":true,"href":"https:\/\/pikaevent.tn\/ar\/wp-json\/wp\/v2\/media\/1382"}],"wp:attachment":[{"href":"https:\/\/pikaevent.tn\/ar\/wp-json\/wp\/v2\/media?parent=1409"}],"wp:term":[{"taxonomy":"product_brand","embeddable":true,"href":"https:\/\/pikaevent.tn\/ar\/wp-json\/wp\/v2\/product_brand?post=1409"},{"taxonomy":"product_cat","embeddable":true,"href":"https:\/\/pikaevent.tn\/ar\/wp-json\/wp\/v2\/product_cat?post=1409"},{"taxonomy":"product_tag","embeddable":true,"href":"https:\/\/pikaevent.tn\/ar\/wp-json\/wp\/v2\/product_tag?post=1409"}],"curies":[{"name":"wp","href":"https:\/\/api.w.org\/{rel}","templated":true}]}}