{"id":1088,"date":"2026-01-22T16:20:44","date_gmt":"2026-01-22T15:20:44","guid":{"rendered":"https:\/\/pikaevent.tn\/cart\/"},"modified":"2026-01-23T14:38:37","modified_gmt":"2026-01-23T13:38:37","slug":"cart","status":"publish","type":"page","link":"https:\/\/pikaevent.tn\/ar\/cart\/","title":{"rendered":"Cart"},"content":{"rendered":"","protected":false},"excerpt":{"rendered":"","protected":false},"author":1,"featured_media":0,"parent":0,"menu_order":0,"comment_status":"closed","ping_status":"closed","template":"","meta":{"site-sidebar-layout":"default","site-content-layout":"","ast-site-content-layout":"default","site-content-style":"default","site-sidebar-style":"default","ast-global-header-display":"","ast-banner-title-visibility":"","ast-main-header-display":"","ast-hfb-above-header-display":"","ast-hfb-below-header-display":"","ast-hfb-mobile-header-display":"","site-post-title":"","ast-breadcrumbs-content":"","ast-featured-img":"","footer-sml-layout":"","ast-disable-related-posts":"","theme-transparent-header-meta":"","adv-header-id-meta":"","stick-header-meta":"","header-above-stick-meta":"","header-main-stick-meta":"","header-below-stick-meta":"","astra-migrate-meta-layouts":"default","ast-page-background-enabled":"default","ast-page-background-meta":{"desktop":{"background-color":"var(--ast-global-color-4)","background-image":"","background-repeat":"repeat","background-position":"center center","background-size":"auto","background-attachment":"scroll","background-type":"","background-media":"","overlay-type":"","overlay-color":"","overlay-opacity":"","overlay-gradient":""},"tablet":{"background-color":"","background-image":"","background-repeat":"repeat","background-position":"center center","background-size":"auto","background-attachment":"scroll","background-type":"","background-media":"","overlay-type":"","overlay-color":"","overlay-opacity":"","overlay-gradient":""},"mobile":{"background-color":"","background-image":"","background-repeat":"repeat","background-position":"center center","background-size":"auto","background-attachment":"scroll","background-type":"","background-media":"","overlay-type":"","overlay-color":"","overlay-opacity":"","overlay-gradient":""}},"ast-content-background-meta":{"desktop":{"background-color":"var(--ast-global-color-5)","background-image":"","background-repeat":"repeat","background-position":"center center","background-size":"auto","background-attachment":"scroll","background-type":"","background-media":"","overlay-type":"","overlay-color":"","overlay-opacity":"","overlay-gradient":""},"tablet":{"background-color":"var(--ast-global-color-5)","background-image":"","background-repeat":"repeat","background-position":"center center","background-size":"auto","background-attachment":"scroll","background-type":"","background-media":"","overlay-type":"","overlay-color":"","overlay-opacity":"","overlay-gradient":""},"mobile":{"background-color":"var(--ast-global-color-5)","background-image":"","background-repeat":"repeat","background-position":"center center","background-size":"auto","background-attachment":"scroll","background-type":"","background-media":"","overlay-type":"","overlay-color":"","overlay-opacity":"","overlay-gradient":""}},"footnotes":""},"class_list":["post-1088","page","type-page","status-publish","hentry"],"yoast_head":"<!-- This site is optimized with the Yoast SEO plugin v26.8 - https:\/\/yoast.com\/product\/yoast-seo-wordpress\/ -->\n<title>Cart - pikaevent<\/title>\n<meta name=\"description\" content=\"D\u00e9coration \u00e9v\u00e9nementielle Tunisie | Pikaevent : packs mariage, circoncision, naissance, fian\u00e7ailles, anniversaire, soutenance. Pl\u00e2tre d\u00e9coratif. Devis gratuit.\" \/>\n<meta name=\"robots\" content=\"index, follow, max-snippet:-1, max-image-preview:large, max-video-preview:-1\" \/>\n<link rel=\"canonical\" href=\"https:\/\/pikaevent.tn\/ar\/cart\/\" \/>\n<meta property=\"og:locale\" content=\"ar_AR\" \/>\n<meta property=\"og:type\" content=\"article\" \/>\n<meta property=\"og:title\" content=\"Cart - pikaevent\" \/>\n<meta property=\"og:description\" content=\"D\u00e9coration \u00e9v\u00e9nementielle Tunisie | Pikaevent : packs mariage, circoncision, naissance, fian\u00e7ailles, anniversaire, soutenance. Pl\u00e2tre d\u00e9coratif. Devis gratuit.\" \/>\n<meta property=\"og:url\" content=\"https:\/\/pikaevent.tn\/ar\/cart\/\" \/>\n<meta property=\"og:site_name\" content=\"pikaevent\" \/>\n<meta property=\"article:publisher\" content=\"https:\/\/www.facebook.com\/pikaevent\" \/>\n<meta property=\"article:modified_time\" content=\"2026-01-23T13:38:37+00:00\" \/>\n<meta property=\"og:image\" content=\"https:\/\/pikaevent.tn\/wp-content\/uploads\/2026\/01\/cropped-Screenshot_from_2026-01-22_16-40-55-removebg-preview.png\" \/>\n\t<meta property=\"og:image:width\" content=\"512\" \/>\n\t<meta property=\"og:image:height\" content=\"512\" \/>\n\t<meta property=\"og:image:type\" content=\"image\/png\" \/>\n<meta name=\"twitter:card\" content=\"summary_large_image\" \/>\n<script type=\"application\/ld+json\" class=\"yoast-schema-graph\">{\"@context\":\"https:\/\/schema.org\",\"@graph\":[{\"@type\":\"WebPage\",\"@id\":\"https:\/\/pikaevent.tn\/cart\/\",\"url\":\"https:\/\/pikaevent.tn\/cart\/\",\"name\":\"Cart - pikaevent\",\"isPartOf\":{\"@id\":\"https:\/\/pikaevent.tn\/#website\"},\"datePublished\":\"2026-01-22T15:20:44+00:00\",\"dateModified\":\"2026-01-23T13:38:37+00:00\",\"description\":\"D\u00e9coration \u00e9v\u00e9nementielle Tunisie | Pikaevent : packs mariage, circoncision, naissance, fian\u00e7ailles, anniversaire, soutenance. Pl\u00e2tre d\u00e9coratif. Devis gratuit.\",\"breadcrumb\":{\"@id\":\"https:\/\/pikaevent.tn\/cart\/#breadcrumb\"},\"inLanguage\":\"ar\",\"potentialAction\":[{\"@type\":\"ReadAction\",\"target\":[\"https:\/\/pikaevent.tn\/cart\/\"]}]},{\"@type\":\"BreadcrumbList\",\"@id\":\"https:\/\/pikaevent.tn\/cart\/#breadcrumb\",\"itemListElement\":[{\"@type\":\"ListItem\",\"position\":1,\"name\":\"Accueil\",\"item\":\"https:\/\/pikaevent.tn\/\"},{\"@type\":\"ListItem\",\"position\":2,\"name\":\"Cart\"}]},{\"@type\":\"WebSite\",\"@id\":\"https:\/\/pikaevent.tn\/#website\",\"url\":\"https:\/\/pikaevent.tn\/\",\"name\":\"pikaevent\",\"description\":\"D\u00e9coration Handmade\",\"publisher\":{\"@id\":\"https:\/\/pikaevent.tn\/#\/schema\/person\/d180db4f3143b7043bb0bb81071d20f9\"},\"potentialAction\":[{\"@type\":\"SearchAction\",\"target\":{\"@type\":\"EntryPoint\",\"urlTemplate\":\"https:\/\/pikaevent.tn\/?s={search_term_string}\"},\"query-input\":{\"@type\":\"PropertyValueSpecification\",\"valueRequired\":true,\"valueName\":\"search_term_string\"}}],\"inLanguage\":\"ar\"},{\"@type\":[\"Person\",\"Organization\"],\"@id\":\"https:\/\/pikaevent.tn\/#\/schema\/person\/d180db4f3143b7043bb0bb81071d20f9\",\"name\":\"pikaevent\",\"image\":{\"@type\":\"ImageObject\",\"inLanguage\":\"ar\",\"@id\":\"https:\/\/pikaevent.tn\/#\/schema\/person\/image\/\",\"url\":\"https:\/\/pikaevent.tn\/wp-content\/uploads\/2026\/01\/Screenshot_from_2026-01-22_16-40-55-removebg-preview.png\",\"contentUrl\":\"https:\/\/pikaevent.tn\/wp-content\/uploads\/2026\/01\/Screenshot_from_2026-01-22_16-40-55-removebg-preview.png\",\"width\":353,\"height\":349,\"caption\":\"pikaevent\"},\"logo\":{\"@id\":\"https:\/\/pikaevent.tn\/#\/schema\/person\/image\/\"},\"sameAs\":[\"https:\/\/pikaevent.tn\",\"https:\/\/www.facebook.com\/pikaevent\"]}]}<\/script>\n<!-- \/ Yoast SEO plugin. -->","yoast_head_json":{"title":"Cart - pikaevent","description":"D\u00e9coration \u00e9v\u00e9nementielle Tunisie | Pikaevent : packs mariage, circoncision, naissance, fian\u00e7ailles, anniversaire, soutenance. Pl\u00e2tre d\u00e9coratif. Devis gratuit.","robots":{"index":"index","follow":"follow","max-snippet":"max-snippet:-1","max-image-preview":"max-image-preview:large","max-video-preview":"max-video-preview:-1"},"canonical":"https:\/\/pikaevent.tn\/ar\/cart\/","og_locale":"ar_AR","og_type":"article","og_title":"Cart - pikaevent","og_description":"D\u00e9coration \u00e9v\u00e9nementielle Tunisie | Pikaevent : packs mariage, circoncision, naissance, fian\u00e7ailles, anniversaire, soutenance. Pl\u00e2tre d\u00e9coratif. Devis gratuit.","og_url":"https:\/\/pikaevent.tn\/ar\/cart\/","og_site_name":"pikaevent","article_publisher":"https:\/\/www.facebook.com\/pikaevent","article_modified_time":"2026-01-23T13:38:37+00:00","og_image":[{"width":512,"height":512,"url":"https:\/\/pikaevent.tn\/wp-content\/uploads\/2026\/01\/cropped-Screenshot_from_2026-01-22_16-40-55-removebg-preview.png","type":"image\/png"}],"twitter_card":"summary_large_image","schema":{"@context":"https:\/\/schema.org","@graph":[{"@type":"WebPage","@id":"https:\/\/pikaevent.tn\/cart\/","url":"https:\/\/pikaevent.tn\/cart\/","name":"Cart - pikaevent","isPartOf":{"@id":"https:\/\/pikaevent.tn\/#website"},"datePublished":"2026-01-22T15:20:44+00:00","dateModified":"2026-01-23T13:38:37+00:00","description":"D\u00e9coration \u00e9v\u00e9nementielle Tunisie | Pikaevent : packs mariage, circoncision, naissance, fian\u00e7ailles, anniversaire, soutenance. Pl\u00e2tre d\u00e9coratif. Devis gratuit.","breadcrumb":{"@id":"https:\/\/pikaevent.tn\/cart\/#breadcrumb"},"inLanguage":"ar","potentialAction":[{"@type":"ReadAction","target":["https:\/\/pikaevent.tn\/cart\/"]}]},{"@type":"BreadcrumbList","@id":"https:\/\/pikaevent.tn\/cart\/#breadcrumb","itemListElement":[{"@type":"ListItem","position":1,"name":"Accueil","item":"https:\/\/pikaevent.tn\/"},{"@type":"ListItem","position":2,"name":"Cart"}]},{"@type":"WebSite","@id":"https:\/\/pikaevent.tn\/#website","url":"https:\/\/pikaevent.tn\/","name":"pikaevent","description":"D\u00e9coration Handmade","publisher":{"@id":"https:\/\/pikaevent.tn\/#\/schema\/person\/d180db4f3143b7043bb0bb81071d20f9"},"potentialAction":[{"@type":"SearchAction","target":{"@type":"EntryPoint","urlTemplate":"https:\/\/pikaevent.tn\/?s={search_term_string}"},"query-input":{"@type":"PropertyValueSpecification","valueRequired":true,"valueName":"search_term_string"}}],"inLanguage":"ar"},{"@type":["Person","Organization"],"@id":"https:\/\/pikaevent.tn\/#\/schema\/person\/d180db4f3143b7043bb0bb81071d20f9","name":"pikaevent","image":{"@type":"ImageObject","inLanguage":"ar","@id":"https:\/\/pikaevent.tn\/#\/schema\/person\/image\/","url":"https:\/\/pikaevent.tn\/wp-content\/uploads\/2026\/01\/Screenshot_from_2026-01-22_16-40-55-removebg-preview.png","contentUrl":"https:\/\/pikaevent.tn\/wp-content\/uploads\/2026\/01\/Screenshot_from_2026-01-22_16-40-55-removebg-preview.png","width":353,"height":349,"caption":"pikaevent"},"logo":{"@id":"https:\/\/pikaevent.tn\/#\/schema\/person\/image\/"},"sameAs":["https:\/\/pikaevent.tn","https:\/\/www.facebook.com\/pikaevent"]}]}},"_links":{"self":[{"href":"https:\/\/pikaevent.tn\/ar\/wp-json\/wp\/v2\/pages\/1088","targetHints":{"allow":["GET"]}}],"collection":[{"href":"https:\/\/pikaevent.tn\/ar\/wp-json\/wp\/v2\/pages"}],"about":[{"href":"https:\/\/pikaevent.tn\/ar\/wp-json\/wp\/v2\/types\/page"}],"author":[{"embeddable":true,"href":"https:\/\/pikaevent.tn\/ar\/wp-json\/wp\/v2\/users\/1"}],"replies":[{"embeddable":true,"href":"https:\/\/pikaevent.tn\/ar\/wp-json\/wp\/v2\/comments?post=1088"}],"version-history":[{"count":2,"href":"https:\/\/pikaevent.tn\/ar\/wp-json\/wp\/v2\/pages\/1088\/revisions"}],"predecessor-version":[{"id":1274,"href":"https:\/\/pikaevent.tn\/ar\/wp-json\/wp\/v2\/pages\/1088\/revisions\/1274"}],"wp:attachment":[{"href":"https:\/\/pikaevent.tn\/ar\/wp-json\/wp\/v2\/media?parent=1088"}],"curies":[{"name":"wp","href":"https:\/\/api.w.org\/{rel}","templated":true}]}}